{"id":13,"date":"2026-03-20T11:02:27","date_gmt":"2026-03-20T11:02:27","guid":{"rendered":"https:\/\/www.varanova.fi\/?page_id=13"},"modified":"2026-03-20T14:29:30","modified_gmt":"2026-03-20T14:29:30","slug":"home","status":"publish","type":"page","link":"http:\/\/www.varanova.fi\/","title":{"rendered":"Home"},"content":{"rendered":"\n<div class=\"wp-block-cover alignfull\" style=\"min-height:946px;aspect-ratio:unset;\"><img loading=\"lazy\" decoding=\"async\" width=\"1920\" height=\"866\" class=\"wp-block-cover__image-background wp-image-220 size-full\" alt=\"\" src=\"http:\/\/www.varanova.fi\/wp-content\/uploads\/2026\/03\/Varanova14.jpg\" data-object-fit=\"cover\" srcset=\"http:\/\/www.varanova.fi\/wp-content\/uploads\/2026\/03\/Varanova14.jpg 1920w, http:\/\/www.varanova.fi\/wp-content\/uploads\/2026\/03\/Varanova14-300x135.jpg 300w, http:\/\/www.varanova.fi\/wp-content\/uploads\/2026\/03\/Varanova14-1024x462.jpg 1024w, http:\/\/www.varanova.fi\/wp-content\/uploads\/2026\/03\/Varanova14-768x346.jpg 768w, http:\/\/www.varanova.fi\/wp-content\/uploads\/2026\/03\/Varanova14-1536x693.jpg 1536w\" sizes=\"auto, (max-width: 1920px) 100vw, 1920px\" \/><span aria-hidden=\"true\" class=\"wp-block-cover__background has-ast-global-color-6-background-color has-background-dim-20 has-background-dim\"><\/span><div class=\"wp-block-cover__inner-container is-layout-flow wp-block-cover-is-layout-flow\">\n<div class=\"wp-block-group alignwide is-layout-constrained wp-block-group-is-layout-constrained\">\n<figure class=\"wp-block-image aligncenter is-resized\"><img loading=\"lazy\" decoding=\"async\" width=\"2000\" height=\"1125\" src=\"https:\/\/www.varanova.fi\/wp-content\/uploads\/2026\/03\/Vara-Nova-edited-1.png\" alt=\"\" class=\"wp-image-87\" style=\"width:847px;height:auto\" srcset=\"http:\/\/www.varanova.fi\/wp-content\/uploads\/2026\/03\/Vara-Nova-edited-1.png 2000w, http:\/\/www.varanova.fi\/wp-content\/uploads\/2026\/03\/Vara-Nova-edited-1-300x169.png 300w, http:\/\/www.varanova.fi\/wp-content\/uploads\/2026\/03\/Vara-Nova-edited-1-1024x576.png 1024w, http:\/\/www.varanova.fi\/wp-content\/uploads\/2026\/03\/Vara-Nova-edited-1-768x432.png 768w, http:\/\/www.varanova.fi\/wp-content\/uploads\/2026\/03\/Vara-Nova-edited-1-1536x864.png 1536w\" sizes=\"auto, (max-width: 2000px) 100vw, 2000px\" \/><\/figure>\n<\/div>\n<\/div><\/div>\n\n\n\n<div class=\"wp-block-group alignfull is-layout-constrained wp-container-core-group-is-layout-fee742b6 wp-block-group-is-layout-constrained\" id=\"palvelut\" style=\"padding-top:50px;padding-bottom:50px\">\n<h2 class=\"wp-block-heading has-text-align-center\">Palvelut<\/h2>\n\n\n\n<div class=\"wp-block-columns is-layout-flex wp-container-core-columns-is-layout-ded170fb wp-block-columns-is-layout-flex\" style=\"margin-top:50px;margin-bottom:0\">\n<div class=\"wp-block-column is-layout-flow wp-container-core-column-is-layout-6b73ce23 wp-block-column-is-layout-flow\">\n<figure class=\"wp-block-image size-full\"><img loading=\"lazy\" decoding=\"async\" width=\"411\" height=\"731\" src=\"http:\/\/www.varanova.fi\/wp-content\/uploads\/2026\/03\/VaraNova4-edited-1.jpg\" alt=\"\" class=\"wp-image-57\" style=\"aspect-ratio:3\/4;object-fit:cover\" srcset=\"http:\/\/www.varanova.fi\/wp-content\/uploads\/2026\/03\/VaraNova4-edited-1.jpg 411w, http:\/\/www.varanova.fi\/wp-content\/uploads\/2026\/03\/VaraNova4-edited-1-169x300.jpg 169w\" sizes=\"auto, (max-width: 411px) 100vw, 411px\" \/><\/figure>\n\n\n\n<h3 class=\"wp-block-heading has-text-align-center\" style=\"margin-top:40px\">Kattoasennus<\/h3>\n\n\n\n<p class=\"has-text-align-center\">Aurinkopaneelien huomaamaton integrointi kattorakenteisiin. Maksimoi tilank\u00e4yt\u00f6n.<\/p>\n<\/div>\n\n\n\n<div class=\"wp-block-column is-layout-flow wp-container-core-column-is-layout-6b73ce23 wp-block-column-is-layout-flow\">\n<figure class=\"wp-block-image size-full\"><img loading=\"lazy\" decoding=\"async\" width=\"410\" height=\"729\" src=\"http:\/\/www.varanova.fi\/wp-content\/uploads\/2026\/03\/VaraNova12-edited-1.jpg\" alt=\"\" class=\"wp-image-58\" style=\"aspect-ratio:3\/4;object-fit:cover\" srcset=\"http:\/\/www.varanova.fi\/wp-content\/uploads\/2026\/03\/VaraNova12-edited-1.jpg 410w, http:\/\/www.varanova.fi\/wp-content\/uploads\/2026\/03\/VaraNova12-edited-1-169x300.jpg 169w\" sizes=\"auto, (max-width: 410px) 100vw, 410px\" \/><\/figure>\n\n\n\n<h3 class=\"wp-block-heading has-text-align-center\" style=\"margin-top:40px\">Sein\u00e4asennus<\/h3>\n\n\n\n<p class=\"has-text-align-center\">Aurinkopaneelien sein\u00e4asennus voi olla ratkaisu, jos katolle ei voi asentaa paneeleita. Ker\u00e4\u00e4 tehokkaasti talviauringon.<\/p>\n<\/div>\n\n\n\n<div class=\"wp-block-column is-layout-flow wp-container-core-column-is-layout-6b73ce23 wp-block-column-is-layout-flow\">\n<figure class=\"wp-block-image size-full\"><img loading=\"lazy\" decoding=\"async\" width=\"411\" height=\"911\" src=\"http:\/\/www.varanova.fi\/wp-content\/uploads\/2026\/03\/VaraNova13.jpg\" alt=\"\" class=\"wp-image-63\" style=\"aspect-ratio:3\/4;object-fit:cover\" srcset=\"http:\/\/www.varanova.fi\/wp-content\/uploads\/2026\/03\/VaraNova13.jpg 411w, http:\/\/www.varanova.fi\/wp-content\/uploads\/2026\/03\/VaraNova13-135x300.jpg 135w\" sizes=\"auto, (max-width: 411px) 100vw, 411px\" \/><\/figure>\n\n\n\n<h3 class=\"wp-block-heading has-text-align-center\" style=\"margin-top:40px\">Maa-asennus<\/h3>\n\n\n\n<p class=\"has-text-align-center\">Optimaalinen suuntaus ilman varjostuksia. Aurinkopaneelikentt\u00e4 on vapaasti sijoiteltavissa.<\/p>\n<\/div>\n<\/div>\n<\/div>\n\n\n\n<div class=\"wp-block-group alignfull has-white-background-color has-background is-layout-constrained wp-container-core-group-is-layout-123b521f wp-block-group-is-layout-constrained\" id=\"meist\u00e4\" style=\"padding-top:50px;padding-bottom:50px\">\n<h2 class=\"wp-block-heading has-text-align-center has-ast-global-color-8-color has-text-color\">Miksi Varanova?<\/h2>\n\n\n\n<div style=\"height:17px\" aria-hidden=\"true\" class=\"wp-block-spacer\"><\/div>\n\n\n\n<p>Aurinkopaneelien hankinta on investointi tulevaisuuteen, ja me Varanovalla haluamme varmistaa, ett\u00e4 tuo investointi on sinulle mahdollisimman huoleton ja kannattava. Emme ainoastaan asenna paneeleita, vaan tarjoamme kokonaisvaltaisen avaimet k\u00e4teen -ratkaisun, joka on suunniteltu kest\u00e4m\u00e4\u00e4n Suomen vaativat s\u00e4\u00e4olosuhteet vuosikymmenten ajan.<\/p>\n\n\n\n<p><strong>Paikallinen asiantuntemus ja laatu<\/strong> Valitsemalla meid\u00e4t, saat kumppanin, joka tuntee paikalliset olosuhteet ja rakennusm\u00e4\u00e4r\u00e4ykset. K\u00e4yt\u00e4mme vain markkinoiden parhaita, hy\u00f6tysuhteeltaan korkeita komponentteja ja sertifioituja kiinnitysj\u00e4rjestelmi\u00e4. Meille ty\u00f6n j\u00e4lki on kunnia-asia: asennamme jokaisen j\u00e4rjestelm\u00e4n kuin tekisimme sen omaan kotiimme \u2013 siististi, turvallisesti ja kattoa kunnioittaen.<\/p>\n\n\n\n<p><strong>Yksil\u00f6llinen suunnittelu<\/strong> Jokainen kohde on erilainen. Emme tarjoa bulkki-paketteja, vaan mitoitamme aurinkos\u00e4hk\u00f6j\u00e4rjestelm\u00e4n juuri sinun kiinteist\u00f6si kulutuksen ja katon ilmansuuntien mukaan. N\u00e4in varmistamme, ett\u00e4 saat j\u00e4rjestelm\u00e4st\u00e4si maksimaalisen hy\u00f6dyn ja takaisinmaksuaika on mahdollisimman lyhyt.<\/p>\n\n\n\n<p><strong>Tuki ja turva asennuksen j\u00e4lkeen<\/strong> Yhteisty\u00f6mme ei p\u00e4\u00e4ty siihen, kun viimeinen paneeli on kiinnitetty. Huolehdimme j\u00e4rjestelm\u00e4n k\u00e4ytt\u00f6\u00f6notosta, opastamme seurantasovelluksen k\u00e4yt\u00f6ss\u00e4 ja olemme tukenasi koko j\u00e4rjestelm\u00e4n elinkaaren ajan. Varanova on vakavarainen ja luotettava kumppani, jonka puoleen voit k\u00e4\u00e4nty\u00e4 kaikissa kysymyksiss\u00e4 my\u00f6s vuosien p\u00e4\u00e4st\u00e4.<\/p>\n\n\n\n<p>Siirry kanssamme puhtaaseen energiaan ja ala s\u00e4\u00e4st\u00e4\u00e4 s\u00e4hk\u00f6laskussasi jo t\u00e4n\u00e4\u00e4n.<\/p>\n\n\n\n<div class=\"wp-block-buttons alignwide is-horizontal is-content-justification-center is-layout-flex wp-container-core-buttons-is-layout-bba8380a wp-block-buttons-is-layout-flex\" style=\"margin-top:50px\">\n<div class=\"wp-block-button\"><a class=\"wp-block-button__link wp-element-button\" href=\"mailto:varanovaoy@gmail.com\">varanovaoy@gmail.com<\/a><\/div>\n<\/div>\n<\/div>\n\n\n\n<div class=\"wp-block-group alignfull has-ast-global-color-5-background-color has-background is-layout-constrained wp-container-core-group-is-layout-123b521f wp-block-group-is-layout-constrained\" id=\"arvostelut\" style=\"padding-top:50px;padding-bottom:50px\">\n<h2 class=\"wp-block-heading has-text-align-center has-ast-global-color-8-color has-text-color\">Arvostelut<\/h2>\n\n\n\n<div style=\"height:9px\" aria-hidden=\"true\" class=\"wp-block-spacer\"><\/div>\n\n\n\n<p><strong>Omakotitaloasuja: &#8221;S\u00e4hk\u00f6laskut puolittuivat&#8221;<\/strong><\/p>\n\n\n\n<p>&#8221;Varanova asensi meille katolle paneelit ja autotallin sein\u00e4\u00e4n lis\u00e4tehoa kev\u00e4ttalvea varten. Akusto oli nappivalinta \u2013 nyt pesukoneet py\u00f6riv\u00e4t iltaisin ilmaiseksi. Asennusj\u00e4lki on siisti\u00e4 ja on-grid-systeemi toimii kuin unelma: ylim\u00e4\u00e4r\u00e4inen s\u00e4hk\u00f6 menee verkkoon ja tuo rahaa takaisin. Ammattitaitoista porukkaa, suosittelen!&#8221;<\/p>\n\n\n\n<p><strong>M\u00f6kinomistaja: &#8221;Vapaa-aikaa ilman s\u00e4hk\u00f6katkoja&#8221;<\/strong><\/p>\n\n\n\n<p>&#8221;P\u00e4\u00e4dyimme m\u00f6kill\u00e4 tukevaan maa-asennukseen, kun katto on varjoisa. Off-grid-paketti ja laadukas akusto toivat luksusta er\u00e4maahan \u2013 nyt j\u00e4\u00e4kaappi pysyy kylm\u00e4n\u00e4 ja valot palavat ilman huolta. J\u00e4rjestelm\u00e4 on pomminvarma ja asennus hoitui vaikeasta maastosta huolimatta t\u00e4sm\u00e4llisesti. Kyll\u00e4 nyt kelpaa m\u00f6kkeill\u00e4!&#8221;<\/p>\n\n\n\n<figure class=\"wp-block-gallery has-nested-images columns-default is-cropped wp-block-gallery-1 is-layout-flex wp-block-gallery-is-layout-flex\">\n<figure class=\"wp-block-image size-large\"><img loading=\"lazy\" decoding=\"async\" width=\"410\" height=\"911\" data-id=\"41\" src=\"https:\/\/www.varanova.fi\/wp-content\/uploads\/2026\/03\/VaraNova9.jpg\" alt=\"\" class=\"wp-image-41\" srcset=\"http:\/\/www.varanova.fi\/wp-content\/uploads\/2026\/03\/VaraNova9.jpg 410w, http:\/\/www.varanova.fi\/wp-content\/uploads\/2026\/03\/VaraNova9-135x300.jpg 135w\" sizes=\"auto, (max-width: 410px) 100vw, 410px\" \/><\/figure>\n\n\n\n<figure class=\"wp-block-image size-large\"><img loading=\"lazy\" decoding=\"async\" width=\"1024\" height=\"462\" data-id=\"45\" src=\"https:\/\/www.varanova.fi\/wp-content\/uploads\/2026\/03\/VaraNova5-1024x462.jpg\" alt=\"\" class=\"wp-image-45\" srcset=\"http:\/\/www.varanova.fi\/wp-content\/uploads\/2026\/03\/VaraNova5-1024x462.jpg 1024w, http:\/\/www.varanova.fi\/wp-content\/uploads\/2026\/03\/VaraNova5-300x135.jpg 300w, http:\/\/www.varanova.fi\/wp-content\/uploads\/2026\/03\/VaraNova5-768x346.jpg 768w, http:\/\/www.varanova.fi\/wp-content\/uploads\/2026\/03\/VaraNova5-1536x693.jpg 1536w, http:\/\/www.varanova.fi\/wp-content\/uploads\/2026\/03\/VaraNova5.jpg 1920w\" sizes=\"auto, (max-width: 1024px) 100vw, 1024px\" \/><\/figure>\n\n\n\n<figure class=\"wp-block-image size-large\"><img loading=\"lazy\" decoding=\"async\" width=\"487\" height=\"866\" data-id=\"59\" src=\"https:\/\/www.varanova.fi\/wp-content\/uploads\/2026\/03\/VaraNova7-edited.jpg\" alt=\"\" class=\"wp-image-59\" srcset=\"http:\/\/www.varanova.fi\/wp-content\/uploads\/2026\/03\/VaraNova7-edited.jpg 487w, http:\/\/www.varanova.fi\/wp-content\/uploads\/2026\/03\/VaraNova7-edited-169x300.jpg 169w\" sizes=\"auto, (max-width: 487px) 100vw, 487px\" \/><\/figure>\n\n\n\n<figure class=\"wp-block-image size-large\"><img loading=\"lazy\" decoding=\"async\" width=\"1024\" height=\"462\" data-id=\"40\" src=\"https:\/\/www.varanova.fi\/wp-content\/uploads\/2026\/03\/VaraNova10-1024x462.jpg\" alt=\"\" class=\"wp-image-40\" srcset=\"http:\/\/www.varanova.fi\/wp-content\/uploads\/2026\/03\/VaraNova10-1024x462.jpg 1024w, http:\/\/www.varanova.fi\/wp-content\/uploads\/2026\/03\/VaraNova10-300x135.jpg 300w, http:\/\/www.varanova.fi\/wp-content\/uploads\/2026\/03\/VaraNova10-768x346.jpg 768w, http:\/\/www.varanova.fi\/wp-content\/uploads\/2026\/03\/VaraNova10-1536x693.jpg 1536w, http:\/\/www.varanova.fi\/wp-content\/uploads\/2026\/03\/VaraNova10.jpg 1920w\" sizes=\"auto, (max-width: 1024px) 100vw, 1024px\" \/><\/figure>\n\n\n\n<figure class=\"wp-block-image size-large\"><img loading=\"lazy\" decoding=\"async\" width=\"1024\" height=\"461\" data-id=\"49\" src=\"https:\/\/www.varanova.fi\/wp-content\/uploads\/2026\/03\/VaraNova1-1024x461.jpg\" alt=\"\" class=\"wp-image-49\" srcset=\"http:\/\/www.varanova.fi\/wp-content\/uploads\/2026\/03\/VaraNova1-1024x461.jpg 1024w, http:\/\/www.varanova.fi\/wp-content\/uploads\/2026\/03\/VaraNova1-300x135.jpg 300w, http:\/\/www.varanova.fi\/wp-content\/uploads\/2026\/03\/VaraNova1-768x346.jpg 768w, http:\/\/www.varanova.fi\/wp-content\/uploads\/2026\/03\/VaraNova1-1536x691.jpg 1536w, http:\/\/www.varanova.fi\/wp-content\/uploads\/2026\/03\/VaraNova1.jpg 1920w\" sizes=\"auto, (max-width: 1024px) 100vw, 1024px\" \/><\/figure>\n<\/figure>\n<\/div>\n\n\n\n<div class=\"wp-block-group alignfull has-white-background-color has-background is-layout-constrained wp-container-core-group-is-layout-25e5b1a1 wp-block-group-is-layout-constrained\" id=\"otayhteytt\u00e4\" style=\"padding-top:50px;padding-bottom:50px\">\n<h2 class=\"wp-block-heading has-text-align-center has-ast-global-color-8-color has-text-color\">Onko sinun tulevaisuutesi omavarainen? Ota rohkeasti yhteytt\u00e4.<\/h2>\n\n\n\n<div class=\"wp-block-buttons alignwide is-horizontal is-content-justification-center is-layout-flex wp-container-core-buttons-is-layout-bba8380a wp-block-buttons-is-layout-flex\" style=\"margin-top:50px\">\n<div class=\"wp-block-button\"><a class=\"wp-block-button__link wp-element-button\" href=\"mailto:varanovaoy@gmail.com\">varanovaoy@gmail.com<\/a><\/div>\n<\/div>\n<\/div>\n","protected":false},"excerpt":{"rendered":"<p>Palvelut Kattoasennus Aurinkopaneelien huomaamaton integrointi kattorakenteisiin. Maksimoi tilank\u00e4yt\u00f6n. Sein\u00e4asennus Aurinkopaneelien sein\u00e4asennus voi olla ratkaisu, jos katolle ei voi asentaa paneeleita. [&hellip;]<\/p>\n","protected":false},"author":1,"featured_media":0,"parent":0,"menu_order":0,"comment_status":"closed","ping_status":"closed","template":"","meta":{"site-sidebar-layout":"no-sidebar","site-content-layout":"plain-container","ast-site-content-layout":"default","site-content-style":"default","site-sidebar-style":"default","ast-global-header-display":"","ast-banner-title-visibility":"","ast-main-header-display":"","ast-hfb-above-header-display":"","ast-hfb-below-header-display":"","ast-hfb-mobile-header-display":"","site-post-title":"disabled","ast-breadcrumbs-content":"","ast-featured-img":"","footer-sml-layout":"","ast-disable-related-posts":"","theme-transparent-header-meta":"enabled","adv-header-id-meta":"","stick-header-meta":"","header-above-stick-meta":"","header-main-stick-meta":"","header-below-stick-meta":"","astra-migrate-meta-layouts":"default","ast-page-background-enabled":"default","ast-page-background-meta":{"desktop":{"background-color":"var(--ast-global-color-5)","background-image":"","background-repeat":"repeat","background-position":"center center","background-size":"auto","background-attachment":"scroll","background-type":"","background-media":"","overlay-type":"","overlay-color":"","overlay-opacity":"","overlay-gradient":""},"tablet":{"background-color":"","background-image":"","background-repeat":"repeat","background-position":"center center","background-size":"auto","background-attachment":"scroll","background-type":"","background-media":"","overlay-type":"","overlay-color":"","overlay-opacity":"","overlay-gradient":""},"mobile":{"background-color":"","background-image":"","background-repeat":"repeat","background-position":"center center","background-size":"auto","background-attachment":"scroll","background-type":"","background-media":"","overlay-type":"","overlay-color":"","overlay-opacity":"","overlay-gradient":""}},"ast-content-background-meta":{"desktop":{"background-color":"var(--ast-global-color-4)","background-image":"","background-repeat":"repeat","background-position":"center center","background-size":"auto","background-attachment":"scroll","background-type":"","background-media":"","overlay-type":"","overlay-color":"","overlay-opacity":"","overlay-gradient":""},"tablet":{"background-color":"var(--ast-global-color-4)","background-image":"","background-repeat":"repeat","background-position":"center center","background-size":"auto","background-attachment":"scroll","background-type":"","background-media":"","overlay-type":"","overlay-color":"","overlay-opacity":"","overlay-gradient":""},"mobile":{"background-color":"var(--ast-global-color-4)","background-image":"","background-repeat":"repeat","background-position":"center center","background-size":"auto","background-attachment":"scroll","background-type":"","background-media":"","overlay-type":"","overlay-color":"","overlay-opacity":"","overlay-gradient":""}},"footnotes":""},"class_list":["post-13","page","type-page","status-publish","hentry"],"yoast_head":"<!-- This site is optimized with the Yoast SEO plugin v27.5 - https:\/\/yoast.com\/product\/yoast-seo-wordpress\/ -->\n<title>Varanova - Aurinkopaneeliasennusta reilusti!<\/title>\n<meta name=\"description\" content=\"Aurinkopaneeli katolle? Paneeli sein\u00e4\u00e4n? Maa-asennettu aurinkopaneeli m\u00f6kille? Off-grid \/ on-grid? Kysy rohkeasti tarjous!\" \/>\n<meta name=\"robots\" content=\"index, follow, max-snippet:-1, max-image-preview:large, max-video-preview:-1\" \/>\n<link rel=\"canonical\" href=\"http:\/\/www.varanova.fi\/\" \/>\n<meta property=\"og:locale\" content=\"fi_FI\" \/>\n<meta property=\"og:type\" content=\"article\" \/>\n<meta property=\"og:title\" content=\"Varanova - Aurinkopaneeli asennusta reilusti!\" \/>\n<meta property=\"og:description\" content=\"Aurinkopaneeli katolle? Paneeli sein\u00e4\u00e4n? Maa-asennettu aurinkopaneeli m\u00f6kille? Off-grid \/ on-grid? Kysy rohkeasti tarjous!\" \/>\n<meta property=\"og:url\" content=\"http:\/\/www.varanova.fi\/\" \/>\n<meta property=\"og:site_name\" content=\"Varanova\" \/>\n<meta property=\"article:modified_time\" content=\"2026-03-20T14:29:30+00:00\" \/>\n<meta property=\"og:image\" content=\"http:\/\/www.varanova.fi\/wp-content\/uploads\/2026\/03\/Vara-Nova-edited-1.png\" \/>\n\t<meta property=\"og:image:width\" content=\"2000\" \/>\n\t<meta property=\"og:image:height\" content=\"1125\" \/>\n\t<meta property=\"og:image:type\" content=\"image\/png\" \/>\n<meta name=\"twitter:card\" content=\"summary_large_image\" \/>\n<meta name=\"twitter:title\" content=\"Varanova - Aurinkopaneeli asennusta reilusti!\" \/>\n<meta name=\"twitter:description\" content=\"Aurinkopaneeli katolle? Paneeli sein\u00e4\u00e4n? Maa-asennettu aurinkopaneeli m\u00f6kille? Off-grid \/ on-grid? Kysy rohkeasti tarjous!\" \/>\n<meta name=\"twitter:image\" content=\"http:\/\/www.varanova.fi\/wp-content\/uploads\/2026\/03\/Vara-Nova-edited-1.png\" \/>\n<meta name=\"twitter:label1\" content=\"Arvioitu lukuaika\" \/>\n\t<meta name=\"twitter:data1\" content=\"4 minuuttia\" \/>\n<script type=\"application\/ld+json\" class=\"yoast-schema-graph\">{\"@context\":\"https:\\\/\\\/schema.org\",\"@graph\":[{\"@type\":\"WebPage\",\"@id\":\"http:\\\/\\\/www.varanova.fi\\\/\",\"url\":\"http:\\\/\\\/www.varanova.fi\\\/\",\"name\":\"Varanova - Aurinkopaneeliasennusta reilusti!\",\"isPartOf\":{\"@id\":\"http:\\\/\\\/www.varanova.fi\\\/#website\"},\"primaryImageOfPage\":{\"@id\":\"http:\\\/\\\/www.varanova.fi\\\/#primaryimage\"},\"image\":{\"@id\":\"http:\\\/\\\/www.varanova.fi\\\/#primaryimage\"},\"thumbnailUrl\":\"http:\\\/\\\/www.varanova.fi\\\/wp-content\\\/uploads\\\/2026\\\/03\\\/Varanova14.jpg\",\"datePublished\":\"2026-03-20T11:02:27+00:00\",\"dateModified\":\"2026-03-20T14:29:30+00:00\",\"description\":\"Aurinkopaneeli katolle? Paneeli sein\u00e4\u00e4n? Maa-asennettu aurinkopaneeli m\u00f6kille? Off-grid \\\/ on-grid? Kysy rohkeasti tarjous!\",\"breadcrumb\":{\"@id\":\"http:\\\/\\\/www.varanova.fi\\\/#breadcrumb\"},\"inLanguage\":\"fi\",\"potentialAction\":[{\"@type\":\"ReadAction\",\"target\":[\"http:\\\/\\\/www.varanova.fi\\\/\"]}]},{\"@type\":\"ImageObject\",\"inLanguage\":\"fi\",\"@id\":\"http:\\\/\\\/www.varanova.fi\\\/#primaryimage\",\"url\":\"http:\\\/\\\/www.varanova.fi\\\/wp-content\\\/uploads\\\/2026\\\/03\\\/Varanova14.jpg\",\"contentUrl\":\"http:\\\/\\\/www.varanova.fi\\\/wp-content\\\/uploads\\\/2026\\\/03\\\/Varanova14.jpg\",\"width\":1920,\"height\":866},{\"@type\":\"BreadcrumbList\",\"@id\":\"http:\\\/\\\/www.varanova.fi\\\/#breadcrumb\",\"itemListElement\":[{\"@type\":\"ListItem\",\"position\":1,\"name\":\"Etusivu\",\"item\":\"http:\\\/\\\/www.varanova.fi\\\/\"},{\"@type\":\"ListItem\",\"position\":2,\"name\":\"Home\"}]},{\"@type\":\"WebSite\",\"@id\":\"http:\\\/\\\/www.varanova.fi\\\/#website\",\"url\":\"http:\\\/\\\/www.varanova.fi\\\/\",\"name\":\"Varanova\",\"description\":\"Tulevaisuus on omavarainen\",\"publisher\":{\"@id\":\"http:\\\/\\\/www.varanova.fi\\\/#organization\"},\"potentialAction\":[{\"@type\":\"SearchAction\",\"target\":{\"@type\":\"EntryPoint\",\"urlTemplate\":\"http:\\\/\\\/www.varanova.fi\\\/?s={search_term_string}\"},\"query-input\":{\"@type\":\"PropertyValueSpecification\",\"valueRequired\":true,\"valueName\":\"search_term_string\"}}],\"inLanguage\":\"fi\"},{\"@type\":\"Organization\",\"@id\":\"http:\\\/\\\/www.varanova.fi\\\/#organization\",\"name\":\"Varanova\",\"url\":\"http:\\\/\\\/www.varanova.fi\\\/\",\"logo\":{\"@type\":\"ImageObject\",\"inLanguage\":\"fi\",\"@id\":\"http:\\\/\\\/www.varanova.fi\\\/#\\\/schema\\\/logo\\\/image\\\/\",\"url\":\"http:\\\/\\\/www.varanova.fi\\\/wp-content\\\/uploads\\\/2026\\\/03\\\/Vara-Nova-edited-1.png\",\"contentUrl\":\"http:\\\/\\\/www.varanova.fi\\\/wp-content\\\/uploads\\\/2026\\\/03\\\/Vara-Nova-edited-1.png\",\"width\":2000,\"height\":1125,\"caption\":\"Varanova\"},\"image\":{\"@id\":\"http:\\\/\\\/www.varanova.fi\\\/#\\\/schema\\\/logo\\\/image\\\/\"}}]}<\/script>\n<!-- \/ Yoast SEO plugin. -->","yoast_head_json":{"title":"Varanova - Aurinkopaneeliasennusta reilusti!","description":"Aurinkopaneeli katolle? Paneeli sein\u00e4\u00e4n? Maa-asennettu aurinkopaneeli m\u00f6kille? Off-grid \/ on-grid? Kysy rohkeasti tarjous!","robots":{"index":"index","follow":"follow","max-snippet":"max-snippet:-1","max-image-preview":"max-image-preview:large","max-video-preview":"max-video-preview:-1"},"canonical":"http:\/\/www.varanova.fi\/","og_locale":"fi_FI","og_type":"article","og_title":"Varanova - Aurinkopaneeli asennusta reilusti!","og_description":"Aurinkopaneeli katolle? Paneeli sein\u00e4\u00e4n? Maa-asennettu aurinkopaneeli m\u00f6kille? Off-grid \/ on-grid? Kysy rohkeasti tarjous!","og_url":"http:\/\/www.varanova.fi\/","og_site_name":"Varanova","article_modified_time":"2026-03-20T14:29:30+00:00","og_image":[{"width":2000,"height":1125,"url":"http:\/\/www.varanova.fi\/wp-content\/uploads\/2026\/03\/Vara-Nova-edited-1.png","type":"image\/png"}],"twitter_card":"summary_large_image","twitter_title":"Varanova - Aurinkopaneeli asennusta reilusti!","twitter_description":"Aurinkopaneeli katolle? Paneeli sein\u00e4\u00e4n? Maa-asennettu aurinkopaneeli m\u00f6kille? Off-grid \/ on-grid? Kysy rohkeasti tarjous!","twitter_image":"http:\/\/www.varanova.fi\/wp-content\/uploads\/2026\/03\/Vara-Nova-edited-1.png","twitter_misc":{"Arvioitu lukuaika":"4 minuuttia"},"schema":{"@context":"https:\/\/schema.org","@graph":[{"@type":"WebPage","@id":"http:\/\/www.varanova.fi\/","url":"http:\/\/www.varanova.fi\/","name":"Varanova - Aurinkopaneeliasennusta reilusti!","isPartOf":{"@id":"http:\/\/www.varanova.fi\/#website"},"primaryImageOfPage":{"@id":"http:\/\/www.varanova.fi\/#primaryimage"},"image":{"@id":"http:\/\/www.varanova.fi\/#primaryimage"},"thumbnailUrl":"http:\/\/www.varanova.fi\/wp-content\/uploads\/2026\/03\/Varanova14.jpg","datePublished":"2026-03-20T11:02:27+00:00","dateModified":"2026-03-20T14:29:30+00:00","description":"Aurinkopaneeli katolle? Paneeli sein\u00e4\u00e4n? Maa-asennettu aurinkopaneeli m\u00f6kille? Off-grid \/ on-grid? Kysy rohkeasti tarjous!","breadcrumb":{"@id":"http:\/\/www.varanova.fi\/#breadcrumb"},"inLanguage":"fi","potentialAction":[{"@type":"ReadAction","target":["http:\/\/www.varanova.fi\/"]}]},{"@type":"ImageObject","inLanguage":"fi","@id":"http:\/\/www.varanova.fi\/#primaryimage","url":"http:\/\/www.varanova.fi\/wp-content\/uploads\/2026\/03\/Varanova14.jpg","contentUrl":"http:\/\/www.varanova.fi\/wp-content\/uploads\/2026\/03\/Varanova14.jpg","width":1920,"height":866},{"@type":"BreadcrumbList","@id":"http:\/\/www.varanova.fi\/#breadcrumb","itemListElement":[{"@type":"ListItem","position":1,"name":"Etusivu","item":"http:\/\/www.varanova.fi\/"},{"@type":"ListItem","position":2,"name":"Home"}]},{"@type":"WebSite","@id":"http:\/\/www.varanova.fi\/#website","url":"http:\/\/www.varanova.fi\/","name":"Varanova","description":"Tulevaisuus on omavarainen","publisher":{"@id":"http:\/\/www.varanova.fi\/#organization"},"potentialAction":[{"@type":"SearchAction","target":{"@type":"EntryPoint","urlTemplate":"http:\/\/www.varanova.fi\/?s={search_term_string}"},"query-input":{"@type":"PropertyValueSpecification","valueRequired":true,"valueName":"search_term_string"}}],"inLanguage":"fi"},{"@type":"Organization","@id":"http:\/\/www.varanova.fi\/#organization","name":"Varanova","url":"http:\/\/www.varanova.fi\/","logo":{"@type":"ImageObject","inLanguage":"fi","@id":"http:\/\/www.varanova.fi\/#\/schema\/logo\/image\/","url":"http:\/\/www.varanova.fi\/wp-content\/uploads\/2026\/03\/Vara-Nova-edited-1.png","contentUrl":"http:\/\/www.varanova.fi\/wp-content\/uploads\/2026\/03\/Vara-Nova-edited-1.png","width":2000,"height":1125,"caption":"Varanova"},"image":{"@id":"http:\/\/www.varanova.fi\/#\/schema\/logo\/image\/"}}]}},"_links":{"self":[{"href":"http:\/\/www.varanova.fi\/index.php?rest_route=\/wp\/v2\/pages\/13","targetHints":{"allow":["GET"]}}],"collection":[{"href":"http:\/\/www.varanova.fi\/index.php?rest_route=\/wp\/v2\/pages"}],"about":[{"href":"http:\/\/www.varanova.fi\/index.php?rest_route=\/wp\/v2\/types\/page"}],"author":[{"embeddable":true,"href":"http:\/\/www.varanova.fi\/index.php?rest_route=\/wp\/v2\/users\/1"}],"replies":[{"embeddable":true,"href":"http:\/\/www.varanova.fi\/index.php?rest_route=%2Fwp%2Fv2%2Fcomments&post=13"}],"version-history":[{"count":64,"href":"http:\/\/www.varanova.fi\/index.php?rest_route=\/wp\/v2\/pages\/13\/revisions"}],"predecessor-version":[{"id":223,"href":"http:\/\/www.varanova.fi\/index.php?rest_route=\/wp\/v2\/pages\/13\/revisions\/223"}],"wp:attachment":[{"href":"http:\/\/www.varanova.fi\/index.php?rest_route=%2Fwp%2Fv2%2Fmedia&parent=13"}],"curies":[{"name":"wp","href":"https:\/\/api.w.org\/{rel}","templated":true}]}}